{"id":400,"date":"2017-06-19T19:13:53","date_gmt":"2017-06-19T17:13:53","guid":{"rendered":"http:\/\/jbinformatique.fr\/?page_id=400"},"modified":"2017-09-17T22:04:02","modified_gmt":"2017-09-17T20:04:02","slug":"prestations","status":"publish","type":"page","link":"http:\/\/jbinformatique.fr\/?page_id=400","title":{"rendered":"Prestations"},"content":{"rendered":"<div id=\"pl-400\"  class=\"panel-layout\" ><div id=\"pg-400-0\"  class=\"panel-grid panel-has-style\" ><div style=\"padding: 0px 0; \" data-overlay=\"true\" data-overlay-color=\"#000000\" class=\"panel-row-style panel-row-style-for-400-0\" ><div id=\"pgc-400-0-0\"  class=\"panel-grid-cell\" ><div id=\"panel-400-0-0-0\" class=\"so-panel widget widget_sow-post-carousel panel-first-child panel-last-child\" data-index=\"0\" ><div style=\"text-align: left;\" data-title-color=\"#443f3f\" data-headings-color=\"#443f3f\" class=\"panel-widget-style panel-widget-style-for-400-0-0-0\" ><div class=\"so-widget-sow-post-carousel so-widget-sow-post-carousel-default-971e41e9e54d\">\n\t<div class=\"sow-carousel-title has-title\">\n\t\t<h3 class=\"widget-title\">Naviguez sur la page correspondante a votre probl\u00e8me<\/h3>\n\t\t<div class=\"sow-carousel-navigation\">\n\t\t\t<a href=\"#\" class=\"sow-carousel-next\" title=\"Suivant\" aria-label=\"Next Posts\" role=\"button\"><\/a>\n\t\t\t<a href=\"#\" class=\"sow-carousel-previous\" title=\"Pr\u00e9c\u00e9dent\" aria-label=\"Previous Posts\" role=\"button\"><\/a>\n\t\t<\/div>\n\n\t<\/div>\n\n\t<div class=\"sow-carousel-container\">\n\n\t\t<a href=\"#\" class=\"sow-carousel-previous\" title=\"Pr\u00e9c\u00e9dent\" aria-label=\"Previous Posts\" role=\"button\"><\/a>\n\n\t\t<a href=\"#\" class=\"sow-carousel-next\" title=\"Suivant\" aria-label=\"Next Posts\" role=\"button\"><\/a>\n\n\t\t<div class=\"sow-carousel-wrapper\"\n\t\t     data-post-count=\"4\"\n\t\t     data-loop-posts-enabled=\"1\"\n\t\t     data-ajax-url=\"http:\/\/jbinformatique.fr\/wp-admin\/admin-ajax.php?_widgets_nonce=96fb363ff3\"\n\t\t     data-page=\"1\"\n\t\t     data-fetching=\"false\"\n\t\t     data-dir=\"ltr\"\n\t\t>\n\t\t\t<div class=\"sow-carousel-items\">\n\t\t\t\t\t<div class=\"sow-carousel-item\">\n\t\t<div class=\"sow-carousel-thumbnail\">\n\t\t\t\t\t\t\t<a href=\"http:\/\/jbinformatique.fr\/?page_id=371\" style=\"background-image: url(http:\/\/jbinformatique.fr\/wp-content\/uploads\/2017\/06\/laptop_fix-272x182.jpg)\" aria-labelledby=\"sow-carousel-id-371\">\n\t\t\t\t\t<span class=\"overlay\"><\/span>\n\t\t\t\t<\/a>\n\t\t\t\t\t<\/div>\n\t\t<h3><a href=\"http:\/\/jbinformatique.fr\/?page_id=371\" id=\"sow-carousel-id-371\">Ordinateur portable<\/a><\/h3>\n\t<\/div>\n\t<div class=\"sow-carousel-item\">\n\t\t<div class=\"sow-carousel-thumbnail\">\n\t\t\t\t\t\t\t<a href=\"http:\/\/jbinformatique.fr\/?page_id=387\" style=\"background-image: url(http:\/\/jbinformatique.fr\/wp-content\/uploads\/2017\/05\/web1-272x182.png)\" aria-labelledby=\"sow-carousel-id-387\">\n\t\t\t\t\t<span class=\"overlay\"><\/span>\n\t\t\t\t<\/a>\n\t\t\t\t\t<\/div>\n\t\t<h3><a href=\"http:\/\/jbinformatique.fr\/?page_id=387\" id=\"sow-carousel-id-387\">D\u00e9pannage et d\u00e9sinfection<\/a><\/h3>\n\t<\/div>\n\t<div class=\"sow-carousel-item\">\n\t\t<div class=\"sow-carousel-thumbnail\">\n\t\t\t\t\t\t\t<a href=\"http:\/\/jbinformatique.fr\/?page_id=383\" style=\"background-image: url(http:\/\/jbinformatique.fr\/wp-content\/uploads\/2017\/05\/bf8d70820894307bde5e80ce06db4-272x182.jpg)\" aria-labelledby=\"sow-carousel-id-383\">\n\t\t\t\t\t<span class=\"overlay\"><\/span>\n\t\t\t\t<\/a>\n\t\t\t\t\t<\/div>\n\t\t<h3><a href=\"http:\/\/jbinformatique.fr\/?page_id=383\" id=\"sow-carousel-id-383\">Installation et assemblage<\/a><\/h3>\n\t<\/div>\n\t<div class=\"sow-carousel-item\">\n\t\t<div class=\"sow-carousel-thumbnail\">\n\t\t\t\t\t\t\t<a href=\"http:\/\/jbinformatique.fr\/?page_id=381\" style=\"background-image: url(http:\/\/jbinformatique.fr\/wp-content\/uploads\/2017\/06\/disquedur_panne-272x182.jpg)\" aria-labelledby=\"sow-carousel-id-381\">\n\t\t\t\t\t<span class=\"overlay\"><\/span>\n\t\t\t\t<\/a>\n\t\t\t\t\t<\/div>\n\t\t<h3><a href=\"http:\/\/jbinformatique.fr\/?page_id=381\" id=\"sow-carousel-id-381\">R\u00e9cup\u00e9ration de donn\u00e9es<\/a><\/h3>\n\t<\/div>\n\t\t\t<\/div>\n\t\t<\/div>\n\t<\/div>\n\t<input type=\"hidden\" name=\"instance_hash\" value=\"39eb3b58\"\/>\n<\/div><\/div><\/div><\/div><\/div><\/div><div id=\"pg-400-1\"  class=\"panel-grid panel-has-style\" ><div style=\"padding: 0px 0; \" data-overlay=\"true\" data-overlay-color=\"#000000\" class=\"panel-row-style panel-row-style-for-400-1\" ><div id=\"pgc-400-1-0\"  class=\"panel-grid-cell\" ><div id=\"panel-400-1-0-0\" class=\"so-panel widget widget_sow-post-carousel panel-first-child panel-last-child\" data-index=\"1\" ><div style=\"text-align: left;\" data-title-color=\"#443f3f\" data-headings-color=\"#443f3f\" class=\"panel-widget-style panel-widget-style-for-400-1-0-0\" ><div class=\"so-widget-sow-post-carousel so-widget-sow-post-carousel-default-971e41e9e54d\">\n\t<div class=\"sow-carousel-title\">\n\t\t\n\t\t<div class=\"sow-carousel-navigation\">\n\t\t\t<a href=\"#\" class=\"sow-carousel-next\" title=\"Suivant\" aria-label=\"Next Posts\" role=\"button\"><\/a>\n\t\t\t<a href=\"#\" class=\"sow-carousel-previous\" title=\"Pr\u00e9c\u00e9dent\" aria-label=\"Previous Posts\" role=\"button\"><\/a>\n\t\t<\/div>\n\n\t<\/div>\n\n\t<div class=\"sow-carousel-container\">\n\n\t\t<a href=\"#\" class=\"sow-carousel-previous\" title=\"Pr\u00e9c\u00e9dent\" aria-label=\"Previous Posts\" role=\"button\"><\/a>\n\n\t\t<a href=\"#\" class=\"sow-carousel-next\" title=\"Suivant\" aria-label=\"Next Posts\" role=\"button\"><\/a>\n\n\t\t<div class=\"sow-carousel-wrapper\"\n\t\t     data-post-count=\"4\"\n\t\t     data-loop-posts-enabled=\"1\"\n\t\t     data-ajax-url=\"http:\/\/jbinformatique.fr\/wp-admin\/admin-ajax.php?_widgets_nonce=96fb363ff3\"\n\t\t     data-page=\"1\"\n\t\t     data-fetching=\"false\"\n\t\t     data-dir=\"ltr\"\n\t\t>\n\t\t\t<div class=\"sow-carousel-items\">\n\t\t\t\t\t<div class=\"sow-carousel-item\">\n\t\t<div class=\"sow-carousel-thumbnail\">\n\t\t\t\t\t\t\t<a href=\"http:\/\/jbinformatique.fr\/?page_id=379\" style=\"background-image: url(http:\/\/jbinformatique.fr\/wp-content\/uploads\/2017\/05\/WordPress_logo4-272x182.jpg)\" aria-labelledby=\"sow-carousel-id-379\">\n\t\t\t\t\t<span class=\"overlay\"><\/span>\n\t\t\t\t<\/a>\n\t\t\t\t\t<\/div>\n\t\t<h3><a href=\"http:\/\/jbinformatique.fr\/?page_id=379\" id=\"sow-carousel-id-379\">Cr\u00e9ation de site<\/a><\/h3>\n\t<\/div>\n\t<div class=\"sow-carousel-item\">\n\t\t<div class=\"sow-carousel-thumbnail\">\n\t\t\t\t\t\t\t<a href=\"http:\/\/jbinformatique.fr\/?page_id=377\" style=\"background-image: url(http:\/\/jbinformatique.fr\/wp-content\/uploads\/2017\/06\/illustration-initiation-a-la-tablette-pour-adultes_1-1483003429-272x182.jpg)\" aria-labelledby=\"sow-carousel-id-377\">\n\t\t\t\t\t<span class=\"overlay\"><\/span>\n\t\t\t\t<\/a>\n\t\t\t\t\t<\/div>\n\t\t<h3><a href=\"http:\/\/jbinformatique.fr\/?page_id=377\" id=\"sow-carousel-id-377\">Initiation<\/a><\/h3>\n\t<\/div>\n\t<div class=\"sow-carousel-item\">\n\t\t<div class=\"sow-carousel-thumbnail\">\n\t\t\t\t\t\t\t<a href=\"http:\/\/jbinformatique.fr\/?page_id=375\" style=\"background-image: url(http:\/\/jbinformatique.fr\/wp-content\/uploads\/2017\/05\/ec32b3072ef11c3e815d4401ee514792ea71e4d518b61849_1920-272x182.jpg)\" aria-labelledby=\"sow-carousel-id-375\">\n\t\t\t\t\t<span class=\"overlay\"><\/span>\n\t\t\t\t<\/a>\n\t\t\t\t\t<\/div>\n\t\t<h3><a href=\"http:\/\/jbinformatique.fr\/?page_id=375\" id=\"sow-carousel-id-375\">T\u00e9l\u00e9phone et tablette<\/a><\/h3>\n\t<\/div>\n\t<div class=\"sow-carousel-item\">\n\t\t<div class=\"sow-carousel-thumbnail\">\n\t\t\t\t\t\t\t<a href=\"http:\/\/jbinformatique.fr\/?page_id=369\" style=\"background-image: url(http:\/\/jbinformatique.fr\/wp-content\/uploads\/2017\/05\/photo-life-cycle-management-board-repair-272x182.png)\" aria-labelledby=\"sow-carousel-id-369\">\n\t\t\t\t\t<span class=\"overlay\"><\/span>\n\t\t\t\t<\/a>\n\t\t\t\t\t<\/div>\n\t\t<h3><a href=\"http:\/\/jbinformatique.fr\/?page_id=369\" id=\"sow-carousel-id-369\">R\u00e9paration TV et \u00e9lectronique<\/a><\/h3>\n\t<\/div>\n\t\t\t<\/div>\n\t\t<\/div>\n\t<\/div>\n\t<input type=\"hidden\" name=\"instance_hash\" value=\"32ed8180\"\/>\n<\/div><\/div><\/div><\/div><\/div><\/div><div id=\"pg-400-2\"  class=\"panel-grid panel-has-style\" ><div style=\"padding: 100px 0; \" data-overlay=\"true\" data-overlay-color=\"#000000\" class=\"panel-row-style panel-row-style-for-400-2\" ><div id=\"pgc-400-2-0\"  class=\"panel-grid-cell\" ><div id=\"panel-400-2-0-0\" class=\"so-panel widget panel-first-child\" data-index=\"2\" ><div style=\"text-align: left;\" data-title-color=\"#443f3f\" data-headings-color=\"#443f3f\" class=\"panel-widget-style panel-widget-style-for-400-2-0-0\" ><\/div><\/div><div id=\"panel-400-2-0-1\" class=\"so-panel widget\" data-index=\"3\" ><div style=\"text-align: left;\" data-title-color=\"#443f3f\" data-headings-color=\"#443f3f\" class=\"panel-widget-style panel-widget-style-for-400-2-0-1\" ><\/div><\/div><div id=\"panel-400-2-0-2\" class=\"so-panel widget panel-last-child\" data-index=\"4\" ><div style=\"text-align: left;\" data-title-color=\"#443f3f\" data-headings-color=\"#443f3f\" class=\"panel-widget-style panel-widget-style-for-400-2-0-2\" ><\/div><\/div><\/div><\/div><\/div><\/div>","protected":false},"excerpt":{"rendered":"<p>R\u00e9paration TV et carte \u00e9lectroniqueJB-INFORMATIQUE vous propose de r\u00e9parer votre t\u00e9l\u00e9vision, votre moniteur, votre disque dur, votre PC portable et tout autre probl\u00e8me \u00e9lectronique. La plupart du temps, je travaille au composant, c&#8217;est \u00e0 dire que je remplace uniquement les composants d\u00e9fectueux (dans la mesure du possible), et non les carte enti\u00e8res. Ce qui est [&hellip;]<\/p>\n","protected":false},"author":1,"featured_media":0,"parent":0,"menu_order":0,"comment_status":"closed","ping_status":"closed","template":"page-templates\/page_fullwidth.php","meta":[],"_links":{"self":[{"href":"http:\/\/jbinformatique.fr\/index.php?rest_route=\/wp\/v2\/pages\/400"}],"collection":[{"href":"http:\/\/jbinformatique.fr\/index.php?rest_route=\/wp\/v2\/pages"}],"about":[{"href":"http:\/\/jbinformatique.fr\/index.php?rest_route=\/wp\/v2\/types\/page"}],"author":[{"embeddable":true,"href":"http:\/\/jbinformatique.fr\/index.php?rest_route=\/wp\/v2\/users\/1"}],"replies":[{"embeddable":true,"href":"http:\/\/jbinformatique.fr\/index.php?rest_route=%2Fwp%2Fv2%2Fcomments&post=400"}],"version-history":[{"count":0,"href":"http:\/\/jbinformatique.fr\/index.php?rest_route=\/wp\/v2\/pages\/400\/revisions"}],"wp:attachment":[{"href":"http:\/\/jbinformatique.fr\/index.php?rest_route=%2Fwp%2Fv2%2Fmedia&parent=400"}],"curies":[{"name":"wp","href":"https:\/\/api.w.org\/{rel}","templated":true}]}}