{"id":371,"date":"2017-09-17T23:58:25","date_gmt":"2017-09-17T21:58:25","guid":{"rendered":"http:\/\/jbinformatique.fr\/?page_id=371"},"modified":"2018-02-07T22:19:22","modified_gmt":"2018-02-07T21:19:22","slug":"ordinateur-portable","status":"publish","type":"page","link":"http:\/\/jbinformatique.fr\/?page_id=371","title":{"rendered":"Ordinateur portable"},"content":{"rendered":"<div id=\"pl-371\"  class=\"panel-layout\" ><div id=\"pg-371-0\"  class=\"panel-grid panel-has-style\" ><div style=\"padding: 0px 0; \" data-overlay=\"true\" data-overlay-color=\"#000000\" class=\"panel-row-style panel-row-style-for-371-0\" ><div id=\"pgc-371-0-0\"  class=\"panel-grid-cell\" ><div id=\"panel-371-0-0-0\" class=\"so-panel widget widget_sow-icon panel-first-child panel-last-child\" data-index=\"0\" ><div class=\"icone_milieu_bordure panel-widget-style panel-widget-style-for-371-0-0-0\" style=\"text-align: left;\" data-title-color=\"#443f3f\" data-headings-color=\"#443f3f\" ><div class=\"so-widget-sow-icon so-widget-sow-icon-default-e2a0e304082f\">\n<div class=\"sow-icon-container sow-icon\">\n\t\t\t<span class=\"sow-icon-fontawesome sow-fas\" data-sow-icon=\"&#xf109;\"\n\t\t ><\/span>\t<\/div>\n<\/div><\/div><\/div><\/div><\/div><\/div><div id=\"pg-371-1\"  class=\"panel-grid panel-has-style\" ><div style=\"padding: 0px 0; \" data-overlay=\"true\" data-overlay-color=\"#000000\" class=\"panel-row-style panel-row-style-for-371-1\" ><div id=\"pgc-371-1-0\"  class=\"panel-grid-cell\" ><div id=\"panel-371-1-0-0\" class=\"so-panel widget widget_sow-headline panel-first-child panel-last-child\" data-index=\"1\" ><div style=\"text-align: left;\" data-title-color=\"#443f3f\" data-headings-color=\"#443f3f\" class=\"panel-widget-style panel-widget-style-for-371-1-0-0\" ><div class=\"so-widget-sow-headline so-widget-sow-headline-default-a6d43545cd7d\"><div class=\"sow-headline-container \">\n\t<h2 class='sow-headline'>R\u00e9paration ordinateur portable<\/h2><p class='sow-sub-headline'>JB-INFORMATIQUE propose \u00e0 ses clients un service de r\u00e9paration d\u2019ordinateur portable. Que votre \u00e9cran soit cass\u00e9 ou que votre connecteur d'alimentation soit hors d'usage, nous pouvons r\u00e9pondre a vos soucis.<\/p><\/div><\/div><\/div><\/div><\/div><\/div><\/div><div id=\"pg-371-2\"  class=\"panel-grid panel-has-style\" ><div style=\"padding: 0px 0; \" data-overlay=\"true\" data-overlay-color=\"#000000\" class=\"panel-row-style panel-row-style-for-371-2\" ><div id=\"pgc-371-2-0\"  class=\"panel-grid-cell\" ><div id=\"panel-371-2-0-0\" class=\"so-panel widget widget_sow-editor panel-first-child panel-last-child\" data-index=\"2\" ><div class=\"wow bounceInLeft liste_prestation panel-widget-style panel-widget-style-for-371-2-0-0\" style=\"text-align: left;\" data-wow-duration=\"2s\" data-wow-offset=\"10\" data-wow-iteration=\"1\" data-title-color=\"#443f3f\" data-headings-color=\"#443f3f\" ><div class=\"so-widget-sow-editor so-widget-sow-editor-base\">\n<div class=\"siteorigin-widget-tinymce textwidget\">\n\t<p>\u00a0<\/p>\n<hr \/>\n<ul>\n<li style=\"text-align: center;\">Changement d'\u00e9cran cass\u00e9<\/li>\n<\/ul>\n<hr \/>\n<ul style=\"text-align: center;\">\n<li>Ajout de m\u00e9moire vive (RAM)<\/li>\n<\/ul>\n<hr \/>\n<ul style=\"text-align: center;\">\n<li>Remplacement du clavier<\/li>\n<\/ul>\n<hr \/>\n<ul>\n<li style=\"text-align: center;\">R\u00e9paration du connecteur d'alimentation<\/li>\n<\/ul>\n<hr \/>\n<\/div>\n<\/div><\/div><\/div><\/div><div id=\"pgc-371-2-1\"  class=\"panel-grid-cell\" ><div id=\"panel-371-2-1-0\" class=\"so-panel widget widget_sow-image panel-first-child panel-last-child\" data-index=\"3\" ><div style=\"text-align: left;\" data-title-color=\"#443f3f\" data-headings-color=\"#443f3f\" class=\"panel-widget-style panel-widget-style-for-371-2-1-0\" ><div class=\"so-widget-sow-image so-widget-sow-image-default-17bc2272b535\">\n\n<div class=\"sow-image-container\">\n\t<img src=\"http:\/\/jbinformatique.fr\/wp-content\/uploads\/2017\/05\/ea36b70c2ffc1c3e815d4401ee514792ea70e2d11eb01745_1920.jpg\" width=\"1920\" height=\"1280\" srcset=\"http:\/\/jbinformatique.fr\/wp-content\/uploads\/2017\/05\/ea36b70c2ffc1c3e815d4401ee514792ea70e2d11eb01745_1920.jpg 1920w, http:\/\/jbinformatique.fr\/wp-content\/uploads\/2017\/05\/ea36b70c2ffc1c3e815d4401ee514792ea70e2d11eb01745_1920-300x200.jpg 300w, http:\/\/jbinformatique.fr\/wp-content\/uploads\/2017\/05\/ea36b70c2ffc1c3e815d4401ee514792ea70e2d11eb01745_1920-768x512.jpg 768w, http:\/\/jbinformatique.fr\/wp-content\/uploads\/2017\/05\/ea36b70c2ffc1c3e815d4401ee514792ea70e2d11eb01745_1920-1024x683.jpg 1024w, http:\/\/jbinformatique.fr\/wp-content\/uploads\/2017\/05\/ea36b70c2ffc1c3e815d4401ee514792ea70e2d11eb01745_1920-830x553.jpg 830w, http:\/\/jbinformatique.fr\/wp-content\/uploads\/2017\/05\/ea36b70c2ffc1c3e815d4401ee514792ea70e2d11eb01745_1920-230x153.jpg 230w, http:\/\/jbinformatique.fr\/wp-content\/uploads\/2017\/05\/ea36b70c2ffc1c3e815d4401ee514792ea70e2d11eb01745_1920-350x233.jpg 350w, http:\/\/jbinformatique.fr\/wp-content\/uploads\/2017\/05\/ea36b70c2ffc1c3e815d4401ee514792ea70e2d11eb01745_1920-480x320.jpg 480w, http:\/\/jbinformatique.fr\/wp-content\/uploads\/2017\/05\/ea36b70c2ffc1c3e815d4401ee514792ea70e2d11eb01745_1920-272x182.jpg 272w\" sizes=\"(max-width: 1920px) 100vw, 1920px\" title=\"D\u00e9pannage sous Windows, Linux et MacOS\" alt=\"\" \t\tclass=\"so-widget-image\"\/>\n<\/div>\n\n<\/div><\/div><\/div><\/div><div id=\"pgc-371-2-2\"  class=\"panel-grid-cell\" ><div id=\"panel-371-2-2-0\" class=\"so-panel widget widget_sow-editor panel-first-child panel-last-child\" data-index=\"4\" ><div class=\"wow bounceInRight liste_prestation panel-widget-style panel-widget-style-for-371-2-2-0\" style=\"text-align: left;\" data-wow-duration=\"2s\" data-wow-offset=\"10\" data-wow-iteration=\"1\" data-title-color=\"#443f3f\" data-headings-color=\"#443f3f\" ><div class=\"so-widget-sow-editor so-widget-sow-editor-base\">\n<div class=\"siteorigin-widget-tinymce textwidget\">\n\t<p>\u00a0<\/p>\n<hr \/>\n<ul>\n<li style=\"text-align: center;\">Connexion au r\u00e9seau en wifi<\/li>\n<\/ul>\n<hr \/>\n<ul style=\"text-align: center;\">\n<li>Migration disque dur rapide SSD<\/li>\n<\/ul>\n<hr \/>\n<ul style=\"text-align: center;\">\n<li>Changement de la batterie<\/li>\n<\/ul>\n<hr \/>\n<ul>\n<li style=\"text-align: center;\">Nettoyage poussi\u00e8re<\/li>\n<\/ul>\n<hr \/>\n<\/div>\n<\/div><\/div><\/div><\/div><\/div><\/div><div id=\"pg-371-3\"  class=\"panel-grid panel-has-style\" ><div style=\"padding: 0px 0; \" data-overlay=\"true\" data-overlay-color=\"#000000\" class=\"panel-row-style panel-row-style-for-371-3\" ><div id=\"pgc-371-3-0\"  class=\"panel-grid-cell\" ><div id=\"panel-371-3-0-0\" class=\"so-panel widget widget_sow-button panel-first-child panel-last-child\" data-index=\"5\" ><div style=\"text-align: left;\" data-title-color=\"#443f3f\" data-headings-color=\"#443f3f\" class=\"panel-widget-style panel-widget-style-for-371-3-0-0\" ><div class=\"so-widget-sow-button so-widget-sow-button-atom-750b051d944f\"><div class=\"ow-button-base ow-button-align-center\">\n\t<a href=\"http:\/\/jbinformatique.fr\/?page_id=281\" class=\"ow-icon-placement-left ow-button-hover\" \t\t>\n\t\t<span>\n\t\t\t<span class=\"sow-icon-fontawesome sow-far\" data-sow-icon=\"&#xf044;\"\n\t\t ><\/span>\n\t\t\tCONSULTER NOS TARIFS\t\t<\/span>\n\t<\/a>\n<\/div>\n<\/div><\/div><\/div><\/div><div id=\"pgc-371-3-1\"  class=\"panel-grid-cell\" ><div id=\"panel-371-3-1-0\" class=\"so-panel widget widget_sow-editor panel-first-child panel-last-child\" data-index=\"6\" ><div class=\"wow bounceInUp panel-widget-style panel-widget-style-for-371-3-1-0\" style=\"text-align: left;\" data-wow-duration=\"2s\" data-wow-offset=\"10\" data-wow-iteration=\"1\" data-title-color=\"#443f3f\" data-headings-color=\"#443f3f\" ><div class=\"so-widget-sow-editor so-widget-sow-editor-base\">\n<div class=\"siteorigin-widget-tinymce textwidget\">\n\t<p style=\"text-align: center;\"><em>d\u00e9tails des prestations propos\u00e9es ci-dessous<\/em><\/p>\n<p style=\"text-align: center;\"><img loading=\"lazy\" class=\"alignnone  wp-image-589\" src=\"http:\/\/jbinformatique.fr\/wp-content\/uploads\/2017\/06\/downarrowinacircle_80041.png\" alt=\"\" width=\"51\" height=\"51\" \/><\/p>\n<\/div>\n<\/div><\/div><\/div><\/div><div id=\"pgc-371-3-2\"  class=\"panel-grid-cell\" ><div id=\"panel-371-3-2-0\" class=\"so-panel widget widget_sow-button panel-first-child panel-last-child\" data-index=\"7\" ><div style=\"text-align: left;\" data-title-color=\"#443f3f\" data-headings-color=\"#443f3f\" class=\"panel-widget-style panel-widget-style-for-371-3-2-0\" ><div class=\"so-widget-sow-button so-widget-sow-button-atom-750b051d944f\"><div class=\"ow-button-base ow-button-align-center\">\n\t<a href=\"http:\/\/jbinformatique.fr\/?page_id=277\" class=\"ow-icon-placement-left ow-button-hover\" \t\t>\n\t\t<span>\n\t\t\t<span class=\"sow-icon-fontawesome sow-fas\" data-sow-icon=\"&#xf107;\"\n\t\t ><\/span>\n\t\t\tNOUS CONTACTER\t\t<\/span>\n\t<\/a>\n<\/div>\n<\/div><\/div><\/div><\/div><\/div><\/div><div id=\"pg-371-4\"  class=\"panel-grid panel-has-style\" ><div class=\"siteorigin-panels-stretch panel-row-style panel-row-style-for-371-4\" style=\"padding: 50px 0; \" id=\"TextePresta\" data-stretch-type=\"full\" data-overlay=\"true\" data-overlay-color=\"#000000\" ><div id=\"pgc-371-4-0\"  class=\"panel-grid-cell\" ><div id=\"panel-371-4-0-0\" class=\"so-panel widget panel-first-child panel-last-child\" data-index=\"8\" ><div style=\"text-align: left;\" data-title-color=\"#443f3f\" data-headings-color=\"#443f3f\" class=\"panel-widget-style panel-widget-style-for-371-4-0-0\" ><\/div><\/div><\/div><div id=\"pgc-371-4-1\"  class=\"panel-grid-cell\" ><div id=\"panel-371-4-1-0\" class=\"so-panel widget widget_sow-image panel-first-child\" data-index=\"9\" ><div style=\"text-align: left;\" data-title-color=\"#443f3f\" data-headings-color=\"#443f3f\" class=\"panel-widget-style panel-widget-style-for-371-4-1-0\" ><div class=\"so-widget-sow-image so-widget-sow-image-default-d6014b76747a\">\n\n<div class=\"sow-image-container\">\n\t<img src=\"http:\/\/jbinformatique.fr\/wp-content\/uploads\/2017\/06\/laptop_fix.jpg\" width=\"406\" height=\"296\" srcset=\"http:\/\/jbinformatique.fr\/wp-content\/uploads\/2017\/06\/laptop_fix.jpg 406w, http:\/\/jbinformatique.fr\/wp-content\/uploads\/2017\/06\/laptop_fix-300x219.jpg 300w, http:\/\/jbinformatique.fr\/wp-content\/uploads\/2017\/06\/laptop_fix-230x168.jpg 230w, http:\/\/jbinformatique.fr\/wp-content\/uploads\/2017\/06\/laptop_fix-350x255.jpg 350w\" sizes=\"(max-width: 406px) 100vw, 406px\" title=\"Computer Doctor\" alt=\"\" \t\tclass=\"so-widget-image\"\/>\n<\/div>\n\n<\/div><\/div><\/div><div id=\"panel-371-4-1-1\" class=\"so-panel widget widget_sow-image\" data-index=\"10\" ><div style=\"text-align: left;\" data-title-color=\"#443f3f\" data-headings-color=\"#443f3f\" class=\"panel-widget-style panel-widget-style-for-371-4-1-1\" ><div class=\"so-widget-sow-image so-widget-sow-image-default-d6014b76747a\">\n\n<div class=\"sow-image-container\">\n\t<img src=\"http:\/\/jbinformatique.fr\/wp-content\/uploads\/2017\/06\/laptop-repair.jpg\" width=\"450\" height=\"356\" srcset=\"http:\/\/jbinformatique.fr\/wp-content\/uploads\/2017\/06\/laptop-repair.jpg 450w, http:\/\/jbinformatique.fr\/wp-content\/uploads\/2017\/06\/laptop-repair-300x237.jpg 300w, http:\/\/jbinformatique.fr\/wp-content\/uploads\/2017\/06\/laptop-repair-230x182.jpg 230w, http:\/\/jbinformatique.fr\/wp-content\/uploads\/2017\/06\/laptop-repair-350x277.jpg 350w\" sizes=\"(max-width: 450px) 100vw, 450px\" alt=\"\" \t\tclass=\"so-widget-image\"\/>\n<\/div>\n\n<\/div><\/div><\/div><div id=\"panel-371-4-1-2\" class=\"so-panel widget widget_sow-image panel-last-child\" data-index=\"11\" ><div style=\"text-align: left;\" data-title-color=\"#443f3f\" data-headings-color=\"#443f3f\" class=\"panel-widget-style panel-widget-style-for-371-4-1-2\" ><div class=\"so-widget-sow-image so-widget-sow-image-default-d6014b76747a\">\n\n<div class=\"sow-image-container\">\n\t<img src=\"http:\/\/jbinformatique.fr\/wp-content\/uploads\/2017\/06\/ssd.jpg\" width=\"439\" height=\"244\" srcset=\"http:\/\/jbinformatique.fr\/wp-content\/uploads\/2017\/06\/ssd.jpg 439w, http:\/\/jbinformatique.fr\/wp-content\/uploads\/2017\/06\/ssd-300x167.jpg 300w, http:\/\/jbinformatique.fr\/wp-content\/uploads\/2017\/06\/ssd-230x128.jpg 230w, http:\/\/jbinformatique.fr\/wp-content\/uploads\/2017\/06\/ssd-350x195.jpg 350w\" sizes=\"(max-width: 439px) 100vw, 439px\" alt=\"\" \t\tclass=\"so-widget-image\"\/>\n<\/div>\n\n<\/div><\/div><\/div><\/div><\/div><\/div><div id=\"pg-371-5\"  class=\"panel-grid panel-has-style\" ><div class=\"siteorigin-panels-stretch panel-row-style panel-row-style-for-371-5\" style=\"padding: 100px 0; \" data-stretch-type=\"full-stretched\" data-overlay=\"true\" data-overlay-color=\"#000000\" ><div id=\"pgc-371-5-0\"  class=\"panel-grid-cell\" ><div id=\"panel-371-5-0-0\" class=\"so-panel widget widget_sow-editor panel-first-child panel-last-child\" data-index=\"12\" ><div style=\"text-align: left;\" data-title-color=\"#443f3f\" data-headings-color=\"#443f3f\" class=\"panel-widget-style panel-widget-style-for-371-5-0-0\" ><div class=\"so-widget-sow-editor so-widget-sow-editor-base\">\n<div class=\"siteorigin-widget-tinymce textwidget\">\n\t<h1 style=\"font-family: 'Titillium Web'; font-size: 36px; text-shadow: rgba(0, 0, 0, 0.6) 0px 1px 1px; text-align: center;\"><span style=\"color: #ffffff;\">JB-INFORMATIQUE, d\u00e9pannage de votre ordinateur portable PC, MAC, Netbook<\/span><\/h1><\/div>\n<\/div><\/div><\/div><\/div><\/div><\/div>\n\t\t\t<video \n\t\t\t\tid=\"so_bgvideo_69f9ec6bacf53\" \n\t\t\t\tclass=\"so_video_bg jquery-background-video\" \n\t\t\t\tloop \n\t\t\t\tautoplay \n\t\t\t\tplaysinline\n\t\t\t\tmuted\n\t\t\t\tdata-bgvideo\n\t\t\t\t\t\t\t\tdata-bgvideo-fade-in=\"0\"\t\t\t\tdata-bgvideo-pause-after=\"120\"\t\t\t\tdata-bgvideo-show-pause-play=false\t\t\t\tdata-bgvideo-pause-play-x-pos=\"right\"\t\t\t\tdata-bgvideo-pause-play-y-pos=\"top\" \n\t\t\t\t>\n\t\t\t\t\t<source src=\"http:\/\/jbinformatique.fr\/wp-content\/uploads\/2017\/06\/Sky-8014.mp4\" type=\"video\/mp4\">\t\t\t\t\t\t\t\t\t\t\t\t\t<\/video>\n\n\t\t\t\n\t\t\t<script type=\"text\/javascript\">\n\t\t\t(function() {\n\t\t\t\t\/\/ Move the video and container into the row as the first child\n\t\t\t\tvar video_tag = document.getElementById(\"so_bgvideo_69f9ec6bacf53\");\n\t\t\t\tvar video_overlay = document.getElementById(\"so_bgvideo_overlay_69f9ec6bacf53\");\n\t\t\t\tvar video_row = video_tag.previousSibling;\n\t\t\t\twhile(video_row && video_row.nodeType != 1) {\n\t\t\t\t\tvideo_row = video_row.previousSibling;\n\t\t\t\t}\n\t\t\t\tvar row_inner = video_row.firstChild;\n\t\t\t\trow_inner.insertBefore( video_tag, row_inner.firstChild );\n\t\t\t\tif( video_overlay ) {\n\t\t\t\t\trow_inner.insertBefore( video_overlay, video_tag.nextSibling);\n\t\t\t\t}\n\t\t\t\trow_inner.className += ' so_video_bg_row jquery-background-video-wrapper';\n\t\t\t\tvideo_tag.play();\n\t\t\t}());\n\t\t\t<\/script>\n\n\t\t\t<div id=\"pg-371-6\"  class=\"panel-grid panel-has-style\" ><div style=\"padding: 100px 0; \" data-overlay=\"true\" data-overlay-color=\"#000000\" class=\"panel-row-style panel-row-style-for-371-6\" ><div id=\"pgc-371-6-0\"  class=\"panel-grid-cell\" ><div id=\"panel-371-6-0-0\" class=\"so-panel widget widget_sow-post-carousel panel-first-child panel-last-child\" data-index=\"13\" ><div style=\"text-align: left;\" data-title-color=\"#443f3f\" data-headings-color=\"#443f3f\" class=\"panel-widget-style panel-widget-style-for-371-6-0-0\" ><div class=\"so-widget-sow-post-carousel so-widget-sow-post-carousel-default-971e41e9e54d\">\n\t<div class=\"sow-carousel-title has-title\">\n\t\t<h3 class=\"widget-title\">A voir \u00e9galement<\/h3>\n\t\t<div class=\"sow-carousel-navigation\">\n\t\t\t<a href=\"#\" class=\"sow-carousel-next\" title=\"Suivant\" aria-label=\"Next Posts\" role=\"button\"><\/a>\n\t\t\t<a href=\"#\" class=\"sow-carousel-previous\" title=\"Pr\u00e9c\u00e9dent\" aria-label=\"Previous Posts\" role=\"button\"><\/a>\n\t\t<\/div>\n\n\t<\/div>\n\n\t<div class=\"sow-carousel-container\">\n\n\t\t<a href=\"#\" class=\"sow-carousel-previous\" title=\"Pr\u00e9c\u00e9dent\" aria-label=\"Previous Posts\" role=\"button\"><\/a>\n\n\t\t<a href=\"#\" class=\"sow-carousel-next\" title=\"Suivant\" aria-label=\"Next Posts\" role=\"button\"><\/a>\n\n\t\t<div class=\"sow-carousel-wrapper\"\n\t\t     data-post-count=\"8\"\n\t\t     data-loop-posts-enabled=\"1\"\n\t\t     data-ajax-url=\"http:\/\/jbinformatique.fr\/wp-admin\/admin-ajax.php?_widgets_nonce=96fb363ff3\"\n\t\t     data-page=\"1\"\n\t\t     data-fetching=\"false\"\n\t\t     data-dir=\"ltr\"\n\t\t>\n\t\t\t<div class=\"sow-carousel-items\">\n\t\t\t\t\t<div class=\"sow-carousel-item\">\n\t\t<div class=\"sow-carousel-thumbnail\">\n\t\t\t\t\t\t\t<a href=\"http:\/\/jbinformatique.fr\/?page_id=371\" style=\"background-image: url(http:\/\/jbinformatique.fr\/wp-content\/uploads\/2017\/06\/laptop_fix-272x182.jpg)\" aria-labelledby=\"sow-carousel-id-371\">\n\t\t\t\t\t<span class=\"overlay\"><\/span>\n\t\t\t\t<\/a>\n\t\t\t\t\t<\/div>\n\t\t<h3><a href=\"http:\/\/jbinformatique.fr\/?page_id=371\" id=\"sow-carousel-id-371\">Ordinateur portable<\/a><\/h3>\n\t<\/div>\n\t<div class=\"sow-carousel-item\">\n\t\t<div class=\"sow-carousel-thumbnail\">\n\t\t\t\t\t\t\t<a href=\"http:\/\/jbinformatique.fr\/?page_id=387\" style=\"background-image: url(http:\/\/jbinformatique.fr\/wp-content\/uploads\/2017\/05\/web1-272x182.png)\" aria-labelledby=\"sow-carousel-id-387\">\n\t\t\t\t\t<span class=\"overlay\"><\/span>\n\t\t\t\t<\/a>\n\t\t\t\t\t<\/div>\n\t\t<h3><a href=\"http:\/\/jbinformatique.fr\/?page_id=387\" id=\"sow-carousel-id-387\">D\u00e9pannage et d\u00e9sinfection<\/a><\/h3>\n\t<\/div>\n\t<div class=\"sow-carousel-item\">\n\t\t<div class=\"sow-carousel-thumbnail\">\n\t\t\t\t\t\t\t<a href=\"http:\/\/jbinformatique.fr\/?page_id=383\" style=\"background-image: url(http:\/\/jbinformatique.fr\/wp-content\/uploads\/2017\/05\/bf8d70820894307bde5e80ce06db4-272x182.jpg)\" aria-labelledby=\"sow-carousel-id-383\">\n\t\t\t\t\t<span class=\"overlay\"><\/span>\n\t\t\t\t<\/a>\n\t\t\t\t\t<\/div>\n\t\t<h3><a href=\"http:\/\/jbinformatique.fr\/?page_id=383\" id=\"sow-carousel-id-383\">Installation et assemblage<\/a><\/h3>\n\t<\/div>\n\t<div class=\"sow-carousel-item\">\n\t\t<div class=\"sow-carousel-thumbnail\">\n\t\t\t\t\t\t\t<a href=\"http:\/\/jbinformatique.fr\/?page_id=381\" style=\"background-image: url(http:\/\/jbinformatique.fr\/wp-content\/uploads\/2017\/06\/disquedur_panne-272x182.jpg)\" aria-labelledby=\"sow-carousel-id-381\">\n\t\t\t\t\t<span class=\"overlay\"><\/span>\n\t\t\t\t<\/a>\n\t\t\t\t\t<\/div>\n\t\t<h3><a href=\"http:\/\/jbinformatique.fr\/?page_id=381\" id=\"sow-carousel-id-381\">R\u00e9cup\u00e9ration de donn\u00e9es<\/a><\/h3>\n\t<\/div>\n\t<div class=\"sow-carousel-item\">\n\t\t<div class=\"sow-carousel-thumbnail\">\n\t\t\t\t\t\t\t<a href=\"http:\/\/jbinformatique.fr\/?page_id=379\" style=\"background-image: url(http:\/\/jbinformatique.fr\/wp-content\/uploads\/2017\/05\/WordPress_logo4-272x182.jpg)\" aria-labelledby=\"sow-carousel-id-379\">\n\t\t\t\t\t<span class=\"overlay\"><\/span>\n\t\t\t\t<\/a>\n\t\t\t\t\t<\/div>\n\t\t<h3><a href=\"http:\/\/jbinformatique.fr\/?page_id=379\" id=\"sow-carousel-id-379\">Cr\u00e9ation de site<\/a><\/h3>\n\t<\/div>\n\t<div class=\"sow-carousel-item\">\n\t\t<div class=\"sow-carousel-thumbnail\">\n\t\t\t\t\t\t\t<a href=\"http:\/\/jbinformatique.fr\/?page_id=377\" style=\"background-image: url(http:\/\/jbinformatique.fr\/wp-content\/uploads\/2017\/06\/illustration-initiation-a-la-tablette-pour-adultes_1-1483003429-272x182.jpg)\" aria-labelledby=\"sow-carousel-id-377\">\n\t\t\t\t\t<span class=\"overlay\"><\/span>\n\t\t\t\t<\/a>\n\t\t\t\t\t<\/div>\n\t\t<h3><a href=\"http:\/\/jbinformatique.fr\/?page_id=377\" id=\"sow-carousel-id-377\">Initiation<\/a><\/h3>\n\t<\/div>\n\t<div class=\"sow-carousel-item\">\n\t\t<div class=\"sow-carousel-thumbnail\">\n\t\t\t\t\t\t\t<a href=\"http:\/\/jbinformatique.fr\/?page_id=375\" style=\"background-image: url(http:\/\/jbinformatique.fr\/wp-content\/uploads\/2017\/05\/ec32b3072ef11c3e815d4401ee514792ea71e4d518b61849_1920-272x182.jpg)\" aria-labelledby=\"sow-carousel-id-375\">\n\t\t\t\t\t<span class=\"overlay\"><\/span>\n\t\t\t\t<\/a>\n\t\t\t\t\t<\/div>\n\t\t<h3><a href=\"http:\/\/jbinformatique.fr\/?page_id=375\" id=\"sow-carousel-id-375\">T\u00e9l\u00e9phone et tablette<\/a><\/h3>\n\t<\/div>\n\t<div class=\"sow-carousel-item\">\n\t\t<div class=\"sow-carousel-thumbnail\">\n\t\t\t\t\t\t\t<a href=\"http:\/\/jbinformatique.fr\/?page_id=369\" style=\"background-image: url(http:\/\/jbinformatique.fr\/wp-content\/uploads\/2017\/05\/photo-life-cycle-management-board-repair-272x182.png)\" aria-labelledby=\"sow-carousel-id-369\">\n\t\t\t\t\t<span class=\"overlay\"><\/span>\n\t\t\t\t<\/a>\n\t\t\t\t\t<\/div>\n\t\t<h3><a href=\"http:\/\/jbinformatique.fr\/?page_id=369\" id=\"sow-carousel-id-369\">R\u00e9paration TV et \u00e9lectronique<\/a><\/h3>\n\t<\/div>\n\t\t\t<\/div>\n\t\t<\/div>\n\t<\/div>\n\t<input type=\"hidden\" name=\"instance_hash\" value=\"09bfe7c6\"\/>\n<\/div><\/div><\/div><\/div><\/div><\/div><\/div>","protected":false},"excerpt":{"rendered":"<p>R\u00e9paration TV et carte \u00e9lectroniqueJB-INFORMATIQUE vous propose de r\u00e9parer votre t\u00e9l\u00e9vision, votre moniteur, votre disque dur, votre PC portable et tout autre probl\u00e8me \u00e9lectronique. La plupart du temps, je travaille au composant, c&#8217;est \u00e0 dire que je remplace uniquement les composants d\u00e9fectueux (dans la mesure du possible), et non les carte enti\u00e8res. Ce qui est [&hellip;]<\/p>\n","protected":false},"author":1,"featured_media":1107,"parent":0,"menu_order":0,"comment_status":"closed","ping_status":"closed","template":"page-templates\/page_fullwidth.php","meta":[],"_links":{"self":[{"href":"http:\/\/jbinformatique.fr\/index.php?rest_route=\/wp\/v2\/pages\/371"}],"collection":[{"href":"http:\/\/jbinformatique.fr\/index.php?rest_route=\/wp\/v2\/pages"}],"about":[{"href":"http:\/\/jbinformatique.fr\/index.php?rest_route=\/wp\/v2\/types\/page"}],"author":[{"embeddable":true,"href":"http:\/\/jbinformatique.fr\/index.php?rest_route=\/wp\/v2\/users\/1"}],"replies":[{"embeddable":true,"href":"http:\/\/jbinformatique.fr\/index.php?rest_route=%2Fwp%2Fv2%2Fcomments&post=371"}],"version-history":[{"count":7,"href":"http:\/\/jbinformatique.fr\/index.php?rest_route=\/wp\/v2\/pages\/371\/revisions"}],"predecessor-version":[{"id":1794,"href":"http:\/\/jbinformatique.fr\/index.php?rest_route=\/wp\/v2\/pages\/371\/revisions\/1794"}],"wp:featuredmedia":[{"embeddable":true,"href":"http:\/\/jbinformatique.fr\/index.php?rest_route=\/wp\/v2\/media\/1107"}],"wp:attachment":[{"href":"http:\/\/jbinformatique.fr\/index.php?rest_route=%2Fwp%2Fv2%2Fmedia&parent=371"}],"curies":[{"name":"wp","href":"https:\/\/api.w.org\/{rel}","templated":true}]}}