{"id":367,"date":"2017-06-19T18:20:16","date_gmt":"2017-06-19T16:20:16","guid":{"rendered":"http:\/\/jbinformatique.fr\/?page_id=367"},"modified":"2018-02-07T23:35:35","modified_gmt":"2018-02-07T22:35:35","slug":"telechargements","status":"publish","type":"page","link":"http:\/\/jbinformatique.fr\/?page_id=367","title":{"rendered":"T\u00e9l\u00e9chargements"},"content":{"rendered":"<div id=\"pl-367\"  class=\"panel-layout\" ><div id=\"pg-367-0\"  class=\"panel-grid panel-has-style\" ><div style=\"padding: 0px 0; \" data-overlay=\"true\" data-overlay-color=\"#000000\" class=\"panel-row-style panel-row-style-for-367-0\" ><div id=\"pgc-367-0-0\"  class=\"panel-grid-cell\" ><div id=\"panel-367-0-0-0\" class=\"so-panel widget widget_sow-image panel-first-child panel-last-child\" data-index=\"0\" ><div class=\"wow rollIn panel-widget-style panel-widget-style-for-367-0-0-0\" style=\"text-align: left;\" data-wow-offset=\"10\" data-wow-iteration=\"1\" data-title-color=\"#443f3f\" data-headings-color=\"#443f3f\" ><div class=\"so-widget-sow-image so-widget-sow-image-default-d6014b76747a\">\n\n<div class=\"sow-image-container\">\n\t<img src=\"http:\/\/jbinformatique.fr\/wp-content\/uploads\/2017\/06\/TV_logo.jpg\" width=\"640\" height=\"400\" srcset=\"http:\/\/jbinformatique.fr\/wp-content\/uploads\/2017\/06\/TV_logo.jpg 640w, http:\/\/jbinformatique.fr\/wp-content\/uploads\/2017\/06\/TV_logo-300x188.jpg 300w, http:\/\/jbinformatique.fr\/wp-content\/uploads\/2017\/06\/TV_logo-230x144.jpg 230w, http:\/\/jbinformatique.fr\/wp-content\/uploads\/2017\/06\/TV_logo-350x219.jpg 350w, http:\/\/jbinformatique.fr\/wp-content\/uploads\/2017\/06\/TV_logo-480x300.jpg 480w\" sizes=\"(max-width: 640px) 100vw, 640px\" alt=\"\" \t\tclass=\"so-widget-image\"\/>\n<\/div>\n\n<\/div><\/div><\/div><\/div><div id=\"pgc-367-0-1\"  class=\"panel-grid-cell\" ><div id=\"panel-367-0-1-0\" class=\"so-panel widget widget_sow-image panel-first-child panel-last-child\" data-index=\"1\" ><div class=\"wow rollIn panel-widget-style panel-widget-style-for-367-0-1-0\" style=\"text-align: left;\" data-wow-offset=\"10\" data-wow-iteration=\"1\" data-title-color=\"#443f3f\" data-headings-color=\"#443f3f\" ><div class=\"so-widget-sow-image so-widget-sow-image-default-d6014b76747a\">\n\n<div class=\"sow-image-container\">\n\t<img src=\"http:\/\/jbinformatique.fr\/wp-content\/uploads\/2017\/06\/microsoft-security-essentials.jpg\" width=\"398\" height=\"241\" srcset=\"http:\/\/jbinformatique.fr\/wp-content\/uploads\/2017\/06\/microsoft-security-essentials.jpg 398w, http:\/\/jbinformatique.fr\/wp-content\/uploads\/2017\/06\/microsoft-security-essentials-300x182.jpg 300w, http:\/\/jbinformatique.fr\/wp-content\/uploads\/2017\/06\/microsoft-security-essentials-230x139.jpg 230w, http:\/\/jbinformatique.fr\/wp-content\/uploads\/2017\/06\/microsoft-security-essentials-350x212.jpg 350w\" sizes=\"(max-width: 398px) 100vw, 398px\" alt=\"\" \t\tclass=\"so-widget-image\"\/>\n<\/div>\n\n<\/div><\/div><\/div><\/div><div id=\"pgc-367-0-2\"  class=\"panel-grid-cell\" ><div id=\"panel-367-0-2-0\" class=\"so-panel widget widget_sow-image panel-first-child panel-last-child\" data-index=\"2\" ><div class=\"wow rollIn panel-widget-style panel-widget-style-for-367-0-2-0\" style=\"text-align: left;\" data-wow-offset=\"10\" data-wow-iteration=\"1\" data-title-color=\"#443f3f\" data-headings-color=\"#443f3f\" ><div class=\"so-widget-sow-image so-widget-sow-image-default-d6014b76747a\">\n\n<div class=\"sow-image-container\">\n\t<img src=\"http:\/\/jbinformatique.fr\/wp-content\/uploads\/2017\/06\/vlc-media-player-my-favourite-tricks-tips.jpg\" width=\"848\" height=\"397\" srcset=\"http:\/\/jbinformatique.fr\/wp-content\/uploads\/2017\/06\/vlc-media-player-my-favourite-tricks-tips.jpg 848w, http:\/\/jbinformatique.fr\/wp-content\/uploads\/2017\/06\/vlc-media-player-my-favourite-tricks-tips-300x140.jpg 300w, http:\/\/jbinformatique.fr\/wp-content\/uploads\/2017\/06\/vlc-media-player-my-favourite-tricks-tips-768x360.jpg 768w, http:\/\/jbinformatique.fr\/wp-content\/uploads\/2017\/06\/vlc-media-player-my-favourite-tricks-tips-830x389.jpg 830w, http:\/\/jbinformatique.fr\/wp-content\/uploads\/2017\/06\/vlc-media-player-my-favourite-tricks-tips-230x108.jpg 230w, http:\/\/jbinformatique.fr\/wp-content\/uploads\/2017\/06\/vlc-media-player-my-favourite-tricks-tips-350x164.jpg 350w, http:\/\/jbinformatique.fr\/wp-content\/uploads\/2017\/06\/vlc-media-player-my-favourite-tricks-tips-480x225.jpg 480w\" sizes=\"(max-width: 848px) 100vw, 848px\" alt=\"\" \t\tclass=\"so-widget-image\"\/>\n<\/div>\n\n<\/div><\/div><\/div><\/div><\/div><\/div><div id=\"pg-367-1\"  class=\"panel-grid panel-has-style\" ><div style=\"padding: 0px 0; \" data-overlay=\"true\" data-overlay-color=\"#000000\" class=\"panel-row-style panel-row-style-for-367-1\" ><div id=\"pgc-367-1-0\"  class=\"panel-grid-cell\" ><div id=\"panel-367-1-0-0\" class=\"so-panel widget widget_sow-headline panel-first-child panel-last-child\" data-index=\"3\" ><div style=\"text-align: left;\" data-title-color=\"#443f3f\" data-headings-color=\"#443f3f\" class=\"panel-widget-style panel-widget-style-for-367-1-0-0\" ><div class=\"so-widget-sow-headline so-widget-sow-headline-default-d94b5ef49f7d\"><div class=\"sow-headline-container \">\n\t<h4 class='sow-headline'>Assistance \u00e0 distance<\/h4>\t\t\t\t\t<div class=\"decoration\">\n\t\t\t\t\t\t<div class=\"decoration-inside\"><\/div>\n\t\t\t\t\t<\/div>\n\t\t\t\t\t<p class='sow-sub-headline'>T\u00e9l\u00e9charger le logiciel TeamViewer pour permettre une intervention \u00e0 distance de votre ordinateur PC, MAC, smartphone ou tablette par internet<\/p><\/div><\/div><\/div><\/div><\/div><div id=\"pgc-367-1-1\"  class=\"panel-grid-cell\" ><div id=\"panel-367-1-1-0\" class=\"so-panel widget widget_sow-headline panel-first-child panel-last-child\" data-index=\"4\" ><div style=\"text-align: left;\" data-title-color=\"#443f3f\" data-headings-color=\"#443f3f\" class=\"panel-widget-style panel-widget-style-for-367-1-1-0\" ><div class=\"so-widget-sow-headline so-widget-sow-headline-default-d94b5ef49f7d\"><div class=\"sow-headline-container \">\n\t<h4 class='sow-headline'>Antivirus Microsoft gratuit<\/h4>\t\t\t\t\t<div class=\"decoration\">\n\t\t\t\t\t\t<div class=\"decoration-inside\"><\/div>\n\t\t\t\t\t<\/div>\n\t\t\t\t\t<p class='sow-sub-headline'>T\u00e9l\u00e9charger l'antivirus gratuit Microsoft Security Essential. Cet antivirus repr\u00e9sente l'avantage d'\u00eatre l\u00e9ger et ralentis peu votre syst\u00e8me.<\/p><\/div><\/div><\/div><\/div><\/div><div id=\"pgc-367-1-2\"  class=\"panel-grid-cell\" ><div id=\"panel-367-1-2-0\" class=\"so-panel widget widget_sow-headline panel-first-child panel-last-child\" data-index=\"5\" ><div style=\"text-align: left;\" data-title-color=\"#443f3f\" data-headings-color=\"#443f3f\" class=\"panel-widget-style panel-widget-style-for-367-1-2-0\" ><div class=\"so-widget-sow-headline so-widget-sow-headline-default-d94b5ef49f7d\"><div class=\"sow-headline-container \">\n\t<h4 class='sow-headline'>Logiciel multimedia VLC<\/h4>\t\t\t\t\t<div class=\"decoration\">\n\t\t\t\t\t\t<div class=\"decoration-inside\"><\/div>\n\t\t\t\t\t<\/div>\n\t\t\t\t\t<p class='sow-sub-headline'>T\u00e9l\u00e9charger le lecteur multimedia VLC. Il s'agit du logiciel de lecture audio et video le plus performant, en plus il est gratuit, un incontournable!<\/p><\/div><\/div><\/div><\/div><\/div><\/div><\/div><div id=\"pg-367-2\"  class=\"panel-grid panel-has-style\" ><div style=\"padding: 20px 0; \" data-overlay=\"true\" data-overlay-color=\"#000000\" class=\"panel-row-style panel-row-style-for-367-2\" ><div id=\"pgc-367-2-0\"  class=\"panel-grid-cell\" ><div id=\"panel-367-2-0-0\" class=\"so-panel widget widget_sow-button panel-first-child\" data-index=\"6\" ><div style=\"text-align: left;\" data-title-color=\"#443f3f\" data-headings-color=\"#443f3f\" class=\"panel-widget-style panel-widget-style-for-367-2-0-0\" ><div class=\"so-widget-sow-button so-widget-sow-button-atom-5c9de4d82cbc\"><div class=\"ow-button-base ow-button-align-center\">\n\t<a href=\"https:\/\/download.teamviewer.com\/download\/TeamViewerQS.exe\" class=\"ow-icon-placement-left ow-button-hover\" \t\t>\n\t\t<span>\n\t\t\t<span class=\"sow-icon-fontawesome sow-fas\" data-sow-icon=\"&#xf1cd;\"\n\t\t ><\/span>\n\t\t\tT\u00e9l\u00e9charger pour WINDOWS\t\t<\/span>\n\t<\/a>\n<\/div>\n<\/div><\/div><\/div><div id=\"panel-367-2-0-1\" class=\"so-panel widget widget_sow-button\" data-index=\"7\" ><div style=\"text-align: left;\" data-title-color=\"#443f3f\" data-headings-color=\"#443f3f\" class=\"panel-widget-style panel-widget-style-for-367-2-0-1\" ><div class=\"so-widget-sow-button so-widget-sow-button-atom-5c9de4d82cbc\"><div class=\"ow-button-base ow-button-align-center\">\n\t<a href=\"https:\/\/play.google.com\/store\/apps\/details?id=com.teamviewer.quicksupport.market\" class=\"ow-icon-placement-left ow-button-hover\" \t\t>\n\t\t<span>\n\t\t\t<span class=\"sow-icon-fontawesome sow-fas\" data-sow-icon=\"&#xf1cd;\"\n\t\t ><\/span>\n\t\t\tT\u00e9l\u00e9charger pour ANDROID\t\t<\/span>\n\t<\/a>\n<\/div>\n<\/div><\/div><\/div><div id=\"panel-367-2-0-2\" class=\"so-panel widget widget_sow-button panel-last-child\" data-index=\"8\" ><div style=\"text-align: left;\" data-title-color=\"#443f3f\" data-headings-color=\"#443f3f\" class=\"panel-widget-style panel-widget-style-for-367-2-0-2\" ><div class=\"so-widget-sow-button so-widget-sow-button-atom-5c9de4d82cbc\"><div class=\"ow-button-base ow-button-align-center\">\n\t<a href=\"https:\/\/download.teamviewer.com\/download\/TeamViewerQS.dmg\" class=\"ow-icon-placement-left ow-button-hover\" \t\t>\n\t\t<span>\n\t\t\t<span class=\"sow-icon-fontawesome sow-fas\" data-sow-icon=\"&#xf1cd;\"\n\t\t ><\/span>\n\t\t\tT\u00e9l\u00e9charger pour MacOS\t\t<\/span>\n\t<\/a>\n<\/div>\n<\/div><\/div><\/div><\/div><div id=\"pgc-367-2-1\"  class=\"panel-grid-cell\" ><div id=\"panel-367-2-1-0\" class=\"so-panel widget widget_sow-button panel-first-child panel-last-child\" data-index=\"9\" ><div style=\"text-align: left;\" data-title-color=\"#443f3f\" data-headings-color=\"#443f3f\" class=\"panel-widget-style panel-widget-style-for-367-2-1-0\" ><div class=\"so-widget-sow-button so-widget-sow-button-atom-5c9de4d82cbc\"><div class=\"ow-button-base ow-button-align-center\">\n\t<a href=\"https:\/\/www.microsoft.com\/fr-fr\/download\/details.aspx?id=5201\" class=\"ow-icon-placement-left ow-button-hover\" \t\t>\n\t\t<span>\n\t\t\t<span class=\"sow-icon-fontawesome sow-fab\" data-sow-icon=\"&#xf17a;\"\n\t\t ><\/span>\n\t\t\tT\u00e9l\u00e9charger pour WINDOWS\t\t<\/span>\n\t<\/a>\n<\/div>\n<\/div><\/div><\/div><\/div><div id=\"pgc-367-2-2\"  class=\"panel-grid-cell\" ><div id=\"panel-367-2-2-0\" class=\"so-panel widget widget_sow-button panel-first-child panel-last-child\" data-index=\"10\" ><div style=\"text-align: left;\" data-title-color=\"#443f3f\" data-headings-color=\"#443f3f\" class=\"panel-widget-style panel-widget-style-for-367-2-2-0\" ><div class=\"so-widget-sow-button so-widget-sow-button-atom-5c9de4d82cbc\"><div class=\"ow-button-base ow-button-align-center\">\n\t<a href=\"http:\/\/www.videolan.org\/vlc\/index.fr.html\" class=\"ow-icon-placement-left ow-button-hover\" \t\t>\n\t\t<span>\n\t\t\t<span class=\"sow-icon-fontawesome sow-fas\" data-sow-icon=\"&#xf144;\"\n\t\t ><\/span>\n\t\t\tT\u00e9l\u00e9charger pour tout OS\t\t<\/span>\n\t<\/a>\n<\/div>\n<\/div><\/div><\/div><\/div><\/div><\/div><div id=\"pg-367-3\"  class=\"panel-grid panel-has-style\" ><div style=\"padding: 0px 0; \" data-overlay=\"true\" data-overlay-color=\"#000000\" class=\"panel-row-style panel-row-style-for-367-3\" ><div id=\"pgc-367-3-0\"  class=\"panel-grid-cell\" ><div id=\"panel-367-3-0-0\" class=\"so-panel widget widget_sow-editor panel-first-child\" data-index=\"11\" ><div style=\"text-align: left;\" data-title-color=\"#443f3f\" data-headings-color=\"#443f3f\" class=\"panel-widget-style panel-widget-style-for-367-3-0-0\" ><div class=\"so-widget-sow-editor so-widget-sow-editor-base\">\n<div class=\"siteorigin-widget-tinymce textwidget\">\n\t<div style=\"margin-left:0px\" class=\"carre_webgl\" id=\"Planete\">\n<\/div>\n<pre>\n<script src=\"https:\/\/cdnjs.cloudflare.com\/ajax\/libs\/three.js\/r79\/three.min.js\"><\/script><script>\nvar bitmap = new Image();\nvar picPath='\/wp-content\/uploads\/2017\/06\/jupiter.gif';\nbitmap.src = picPath; \/\/ Pre-load the bitmap, in conjunction with the Start button, to avoid any potential THREE.ImageUtils.loadTexture async issues.\nbitmap.onerror = function () {\nconsole.error(\"Error loading: \" + bitmap.src);\n}\nvar scene = new THREE.Scene(); \/\/ Create a Three.js scene object.\nvar camera = new THREE.PerspectiveCamera(75, window.innerWidth \/ window.innerHeight, 0.1, 1000); \/\/ Define the perspective camera's attributes.\n\/\/var renderer = window.WebGLRenderingContext ? new THREE.WebGLRenderer() : new THREE.CanvasRenderer(); \/\/ Fallback to canvas renderer, if necessary.\nvar renderer =  new THREE.WebGLRenderer()\nrenderer.setClearColor( 0xFFFFFF, 1);\nrenderer.setSize(1100, 550); \/\/ Set the size of the WebGL viewport, largeur, hauteur;\n\/\/document.body.appendChild(renderer.domElement); \/\/ Append the WebGL viewport to the DOM.\ndocument.getElementById('Planete').appendChild(renderer.domElement);\n\/\/ Be aware that a light source is required for MeshPhongMaterial to work:\nvar pointLight = new THREE.PointLight(0xFFFFFF); \/\/ Set the color of the light source (white).\npointLight.position.set(100, 100, 250); \/\/ Position the light source at (x, y, z).\nscene.add(pointLight); \/\/ Add the light source to the scene.\nvar texloader = new THREE.TextureLoader();\nvar texture=texloader.load(picPath); \/\/ Create texture object based on the given bitmap path.\nvar material = new THREE.MeshPhongMaterial({ map: texture }); \/\/ Create a material (for the spherical mesh) that reflects light, potentially causing sphere surface shadows.\nvar geometry = new THREE.SphereGeometry(60, 64, 64); \/\/ Radius size, number of vertical segments, number of horizontal rings.\nvar sphere = new THREE.Mesh(geometry, material); \/\/ Create a mesh based on the specified geometry (cube) and material (blue skin).\nscene.add(sphere); \/\/ Add the sphere at (0, 0, 0).\ncamera.position.z = 150; \/\/ Move the camera away from the origin, down the positive z-axis.\nvar render = function () {\nrenderer.setClearColor( 0xFFFFFF, 1);\n\/\/sphere.rotation.x += 0.002; \/\/ Rotate the sphere by a small amount about the x- and y-axes.\nsphere.rotation.y += 0.005;\nrenderer.render(scene, camera); \/\/ Each time we change the position of the cube object, we must re-render it.\nrequestAnimationFrame(render); \/\/ Call the render() function up to 60 times per second (i.e., up to 60 animation frames per second).\n};\nrender(); \/\/ Start the rendering of the animation frames.\n<\/script>\n<\/pre>\n<\/div>\n<\/div><\/div><\/div><div id=\"panel-367-3-0-1\" class=\"so-panel widget widget_sow-headline panel-last-child\" data-index=\"12\" ><div style=\"text-align: left;\" data-title-color=\"#443f3f\" data-headings-color=\"#443f3f\" class=\"panel-widget-style panel-widget-style-for-367-3-0-1\" ><div class=\"so-widget-sow-headline so-widget-sow-headline-default-ba7b654eb65b\"><div class=\"sow-headline-container \">\n\t\t\t\t\t\t<div class=\"decoration\">\n\t\t\t\t\t\t<div class=\"decoration-inside\"><\/div>\n\t\t\t\t\t<\/div>\n\t\t\t\t\t<h1 class='sow-headline'>Plan\u00e8te Jupiter<\/h1><h3 class='sow-sub-headline'>\u00a9 JB-informatique 2017<\/h3><\/div><\/div><\/div><\/div><\/div><\/div><\/div><\/div>","protected":false},"excerpt":{"rendered":"<p>Assistance \u00e0 distance T\u00e9l\u00e9charger le logiciel TeamViewer pour permettre une intervention \u00e0 distance de votre ordinateur PC, MAC, smartphone ou tablette par internet Antivirus Microsoft gratuit T\u00e9l\u00e9charger l&#8217;antivirus gratuit Microsoft Security Essential. Cet antivirus repr\u00e9sente l&#8217;avantage d&#8217;\u00eatre l\u00e9ger et ralentis peu votre syst\u00e8me. Logiciel multimedia VLC T\u00e9l\u00e9charger le lecteur multimedia VLC. Il s&#8217;agit du logiciel [&hellip;]<\/p>\n","protected":false},"author":1,"featured_media":806,"parent":0,"menu_order":0,"comment_status":"closed","ping_status":"closed","template":"page-templates\/page_fullwidth.php","meta":[],"_links":{"self":[{"href":"http:\/\/jbinformatique.fr\/index.php?rest_route=\/wp\/v2\/pages\/367"}],"collection":[{"href":"http:\/\/jbinformatique.fr\/index.php?rest_route=\/wp\/v2\/pages"}],"about":[{"href":"http:\/\/jbinformatique.fr\/index.php?rest_route=\/wp\/v2\/types\/page"}],"author":[{"embeddable":true,"href":"http:\/\/jbinformatique.fr\/index.php?rest_route=\/wp\/v2\/users\/1"}],"replies":[{"embeddable":true,"href":"http:\/\/jbinformatique.fr\/index.php?rest_route=%2Fwp%2Fv2%2Fcomments&post=367"}],"version-history":[{"count":7,"href":"http:\/\/jbinformatique.fr\/index.php?rest_route=\/wp\/v2\/pages\/367\/revisions"}],"predecessor-version":[{"id":1807,"href":"http:\/\/jbinformatique.fr\/index.php?rest_route=\/wp\/v2\/pages\/367\/revisions\/1807"}],"wp:featuredmedia":[{"embeddable":true,"href":"http:\/\/jbinformatique.fr\/index.php?rest_route=\/wp\/v2\/media\/806"}],"wp:attachment":[{"href":"http:\/\/jbinformatique.fr\/index.php?rest_route=%2Fwp%2Fv2%2Fmedia&parent=367"}],"curies":[{"name":"wp","href":"https:\/\/api.w.org\/{rel}","templated":true}]}}