{"id":365,"date":"2017-06-19T18:19:12","date_gmt":"2017-06-19T16:19:12","guid":{"rendered":"http:\/\/jbinformatique.fr\/?page_id=365"},"modified":"2018-02-07T23:34:43","modified_gmt":"2018-02-07T22:34:43","slug":"a-propos","status":"publish","type":"page","link":"http:\/\/jbinformatique.fr\/?page_id=365","title":{"rendered":"A propos"},"content":{"rendered":"<div id=\"pl-365\"  class=\"panel-layout\" ><div id=\"pg-365-0\"  class=\"panel-grid panel-has-style\" ><div class=\"siteorigin-panels-stretch panel-row-style panel-row-style-for-365-0\" style=\"padding: 0px 0; \" data-stretch-type=\"full-stretched\" data-overlay=\"true\" data-overlay-color=\"#000000\" ><div id=\"pgc-365-0-0\"  class=\"panel-grid-cell panel-grid-cell-empty\" ><\/div><div id=\"pgc-365-0-1\"  class=\"panel-grid-cell panel-grid-cell-mobile-last\" ><div id=\"panel-365-0-1-0\" class=\"so-panel widget widget_sow-editor panel-first-child panel-last-child\" data-index=\"0\" ><div style=\"text-align: left;\" data-title-color=\"#443f3f\" data-headings-color=\"#443f3f\" class=\"panel-widget-style panel-widget-style-for-365-0-1-0\" ><div class=\"so-widget-sow-editor so-widget-sow-editor-base\">\n<div class=\"siteorigin-widget-tinymce textwidget\">\n\t<h2 style=\"text-align: center;\">Qui sommes nous?<\/h2>\n<p><strong>JB-INFORMATIQUE est une auto-entreprise sp\u00e9cialis\u00e9e dans le d\u00e9pannage, la maintenance, la r\u00e9paration \u00e9lectronique et l\u2019assistance informatique \u00e0 domicile et \u00e0 distance. Que vous soyez un particulier ou un professionnel, nous saurons satisfaire tous vos besoins.<\/strong><\/p>\n<p>Apr\u00e8s une quinzaine ann\u00e9es d\u2019exp\u00e9riences dans le domaine de l\u2019informatique et \u00e9tant un grand passionn\u00e9, j\u2019ai d\u00e9cid\u00e9 de cr\u00e9er une auto-entreprise en janvier 2017 afin de transmettre mes comp\u00e9tences et ma passion \u00e0 mes clients.<\/p>\n<p>Apr\u00e8s la cr\u00e9ation de JB-INFORMATIQUE, arrive le moment de cr\u00e9er le site internet afin de disposer d\u2019une image en ligne ce qui, de nos jours, devient essentiel.<br \/> JB-INFORMATIQUE\u00a0s\u2019adresse aussi bien aux particuliers qu\u2019aux professionnels. Notre activit\u00e9 s\u2019oriente principalement sur la prestation de service et le conseil informatique.<\/p>\n<p>Notre zone d\u2019intervention :\u00a0Briey, Moutiers, Hom\u00e9court, Jarny, Trieux, Audun le Roman, Avril\u2026 A 30KM autour de BRIEY.<\/p>\n<p style=\"text-align: center;\"><img loading=\"lazy\" class=\"alignnone size-medium wp-image-1686\" src=\"http:\/\/jbinformatique.fr\/wp-content\/uploads\/2018\/01\/IMG_20180115_104704_small-225x300.jpg\" alt=\"\" width=\"225\" height=\"300\" srcset=\"http:\/\/jbinformatique.fr\/wp-content\/uploads\/2018\/01\/IMG_20180115_104704_small-225x300.jpg 225w, http:\/\/jbinformatique.fr\/wp-content\/uploads\/2018\/01\/IMG_20180115_104704_small-768x1024.jpg 768w, http:\/\/jbinformatique.fr\/wp-content\/uploads\/2018\/01\/IMG_20180115_104704_small-230x307.jpg 230w, http:\/\/jbinformatique.fr\/wp-content\/uploads\/2018\/01\/IMG_20180115_104704_small-350x467.jpg 350w, http:\/\/jbinformatique.fr\/wp-content\/uploads\/2018\/01\/IMG_20180115_104704_small-480x640.jpg 480w, http:\/\/jbinformatique.fr\/wp-content\/uploads\/2018\/01\/IMG_20180115_104704_small.jpg 778w\" sizes=\"(max-width: 225px) 100vw, 225px\" \/><\/p>\n<p style=\"text-align: center;\"><em>Julien BAUDOUIN, cr\u00e9ateur de l'entreprise<\/em><\/p>\n<p style=\"text-align: center;\">\u00a0Voici a quoi ressemble mon <strong>atelier<\/strong> de <strong>r\u00e9paration \u00e9lectronique<\/strong>:<\/p>\n<p style=\"text-align: center;\"><img loading=\"lazy\" class=\"alignnone wp-image-714 size-large\" src=\"http:\/\/jbinformatique.fr\/wp-content\/uploads\/2017\/06\/20170309_163020-1024x576.jpg\" alt=\"\" width=\"1024\" height=\"576\" srcset=\"http:\/\/jbinformatique.fr\/wp-content\/uploads\/2017\/06\/20170309_163020-1024x576.jpg 1024w, http:\/\/jbinformatique.fr\/wp-content\/uploads\/2017\/06\/20170309_163020-300x169.jpg 300w, http:\/\/jbinformatique.fr\/wp-content\/uploads\/2017\/06\/20170309_163020-768x432.jpg 768w, http:\/\/jbinformatique.fr\/wp-content\/uploads\/2017\/06\/20170309_163020-830x467.jpg 830w, http:\/\/jbinformatique.fr\/wp-content\/uploads\/2017\/06\/20170309_163020-230x129.jpg 230w, http:\/\/jbinformatique.fr\/wp-content\/uploads\/2017\/06\/20170309_163020-350x197.jpg 350w, http:\/\/jbinformatique.fr\/wp-content\/uploads\/2017\/06\/20170309_163020-480x270.jpg 480w\" sizes=\"(max-width: 1024px) 100vw, 1024px\" \/><\/p>\n<p style=\"text-align: center;\"><b>Statut juridique :<\/b><br \/> <em>SIRET : 821 093 184 00017<br \/> Code APE : 9511Z<\/em><\/p>\n<\/div>\n<\/div><\/div><\/div><\/div><div id=\"pgc-365-0-2\"  class=\"panel-grid-cell panel-grid-cell-empty\" ><\/div><\/div><\/div><div id=\"pg-365-1\"  class=\"panel-grid panel-has-style\" ><div class=\"siteorigin-panels-stretch panel-row-style panel-row-style-for-365-1\" style=\"padding: 0px 0; \" data-stretch-type=\"full\" data-overlay=\"true\" data-overlay-color=\"#000000\" ><div id=\"pgc-365-1-0\"  class=\"panel-grid-cell\" ><div id=\"panel-365-1-0-0\" class=\"so-panel widget widget_sow-editor panel-first-child\" data-index=\"1\" ><div style=\"text-align: left;\" data-title-color=\"#443f3f\" data-headings-color=\"#443f3f\" class=\"panel-widget-style panel-widget-style-for-365-1-0-0\" ><div class=\"so-widget-sow-editor so-widget-sow-editor-base\">\n<div class=\"siteorigin-widget-tinymce textwidget\">\n\t<div id=\"Terre\" class=\"carre_webgl\"><\/div>\n<pre><script src=\"https:\/\/cdnjs.cloudflare.com\/ajax\/libs\/three.js\/r79\/three.min.js\"><\/script><script>\nvar bitmap = new Image();\nvar picPath='\/wp-content\/uploads\/2017\/06\/earthmap1k.jpg';\nbitmap.src = picPath; \/\/ Pre-load the bitmap, in conjunction with the Start button, to avoid any potential THREE.ImageUtils.loadTexture async issues.\nbitmap.onerror = function () {\nconsole.error(\"Error loading: \" + bitmap.src);\n}\nvar scene = new THREE.Scene(); \/\/ Create a Three.js scene object.\nvar camera = new THREE.PerspectiveCamera(75, window.innerWidth \/ window.innerHeight, 0.1, 1000); \/\/ Define the perspective camera's attributes.\n\/\/var renderer = window.WebGLRenderingContext ? new THREE.WebGLRenderer() : new THREE.CanvasRenderer(); \/\/ Fallback to canvas renderer, if necessary.\nvar renderer =  new THREE.WebGLRenderer()\nrenderer.setClearColor( 0xFFFFFF, 1);\nrenderer.setSize(1000, 600); \/\/ Set the size of the WebGL viewport, largeur, hauteur\n\/\/document.body.appendChild(renderer.domElement); \/\/ Append the WebGL viewport to the DOM.\ndocument.getElementById('Terre').appendChild(renderer.domElement);\n\/\/ Be aware that a light source is required for MeshPhongMaterial to work:\nvar pointLight = new THREE.PointLight(0xFFFFFF); \/\/ Set the color of the light source (white).\npointLight.position.set(100, 100, 250); \/\/ Position the light source at (x, y, z).\nscene.add(pointLight); \/\/ Add the light source to the scene.\nvar texloader = new THREE.TextureLoader();\nvar texture=texloader.load(picPath); \/\/ Create texture object based on the given bitmap path.\nvar material = new THREE.MeshPhongMaterial({ map: texture }); \/\/ Create a material (for the spherical mesh) that reflects light, potentially causing sphere surface shadows.\nvar geometry = new THREE.SphereGeometry(60, 64, 64); \/\/ Radius size, number of vertical segments, number of horizontal rings.\nvar sphere = new THREE.Mesh(geometry, material); \/\/ Create a mesh based on the specified geometry (cube) and material (blue skin).\nscene.add(sphere); \/\/ Add the sphere at (0, 0, 0).\ncamera.position.z = 150; \/\/ Move the camera away from the origin, down the positive z-axis.\nvar render = function () {\nrenderer.setClearColor( 0xFFFFFF, 1);\nsphere.rotation.x += 0.002; \/\/ Rotate the sphere by a small amount about the x- and y-axes.\nsphere.rotation.y += 0.005;\nrenderer.render(scene, camera); \/\/ Each time we change the position of the cube object, we must re-render it.\nrequestAnimationFrame(render); \/\/ Call the render() function up to 60 times per second (i.e., up to 60 animation frames per second).\n};\nrender(); \/\/ Start the rendering of the animation frames.\n<\/script>\n<\/pre>\n<\/div>\n<\/div><\/div><\/div><div id=\"panel-365-1-0-1\" class=\"so-panel widget widget_sow-headline panel-last-child\" data-index=\"2\" ><div style=\"text-align: left;\" data-title-color=\"#443f3f\" data-headings-color=\"#443f3f\" class=\"panel-widget-style panel-widget-style-for-365-1-0-1\" ><div class=\"so-widget-sow-headline so-widget-sow-headline-default-ba7b654eb65b\"><div class=\"sow-headline-container \">\n\t\t\t\t\t\t<div class=\"decoration\">\n\t\t\t\t\t\t<div class=\"decoration-inside\"><\/div>\n\t\t\t\t\t<\/div>\n\t\t\t\t\t<h1 class='sow-headline'>Plan\u00e8te Terre<\/h1><h3 class='sow-sub-headline'>\u00a9 JB-informatique 2017<\/h3><\/div><\/div><\/div><\/div><\/div><\/div><\/div><\/div>","protected":false},"excerpt":{"rendered":"<p>Qui sommes nous? JB-INFORMATIQUE est une auto-entreprise sp\u00e9cialis\u00e9e dans le d\u00e9pannage, la maintenance, la r\u00e9paration \u00e9lectronique et l\u2019assistance informatique \u00e0 domicile et \u00e0 distance. Que vous soyez un particulier ou un professionnel, nous saurons satisfaire tous vos besoins. Apr\u00e8s une quinzaine ann\u00e9es d\u2019exp\u00e9riences dans le domaine de l\u2019informatique et \u00e9tant un grand passionn\u00e9, j\u2019ai d\u00e9cid\u00e9 [&hellip;]<\/p>\n","protected":false},"author":1,"featured_media":0,"parent":0,"menu_order":0,"comment_status":"closed","ping_status":"closed","template":"page-templates\/page_front-page.php","meta":[],"_links":{"self":[{"href":"http:\/\/jbinformatique.fr\/index.php?rest_route=\/wp\/v2\/pages\/365"}],"collection":[{"href":"http:\/\/jbinformatique.fr\/index.php?rest_route=\/wp\/v2\/pages"}],"about":[{"href":"http:\/\/jbinformatique.fr\/index.php?rest_route=\/wp\/v2\/types\/page"}],"author":[{"embeddable":true,"href":"http:\/\/jbinformatique.fr\/index.php?rest_route=\/wp\/v2\/users\/1"}],"replies":[{"embeddable":true,"href":"http:\/\/jbinformatique.fr\/index.php?rest_route=%2Fwp%2Fv2%2Fcomments&post=365"}],"version-history":[{"count":20,"href":"http:\/\/jbinformatique.fr\/index.php?rest_route=\/wp\/v2\/pages\/365\/revisions"}],"predecessor-version":[{"id":1689,"href":"http:\/\/jbinformatique.fr\/index.php?rest_route=\/wp\/v2\/pages\/365\/revisions\/1689"}],"wp:attachment":[{"href":"http:\/\/jbinformatique.fr\/index.php?rest_route=%2Fwp%2Fv2%2Fmedia&parent=365"}],"curies":[{"name":"wp","href":"https:\/\/api.w.org\/{rel}","templated":true}]}}