{"id":281,"date":"2017-06-10T01:13:31","date_gmt":"2017-06-09T23:13:31","guid":{"rendered":"http:\/\/jbinformatique.fr\/?page_id=281"},"modified":"2018-02-08T09:49:58","modified_gmt":"2018-02-08T08:49:58","slug":"tarifs","status":"publish","type":"page","link":"http:\/\/jbinformatique.fr\/?page_id=281","title":{"rendered":"Tarifs"},"content":{"rendered":"<div id=\"pl-281\"  class=\"panel-layout\" ><div id=\"pg-281-0\"  class=\"panel-grid panel-has-style\" ><div class=\"siteorigin-panels-stretch panel-row-style panel-row-style-for-281-0\" style=\"padding: 0px 0; \" data-stretch-type=\"full\" data-overlay=\"true\" data-overlay-color=\"#000000\" ><div id=\"pgc-281-0-0\"  class=\"panel-grid-cell\" ><div id=\"panel-281-0-0-0\" class=\"so-panel widget panel-first-child panel-last-child\" data-index=\"0\" ><div class=\"wow fadeInLeftBig panel-widget-style panel-widget-style-for-281-0-0-0\" style=\"text-align: left;\" data-wow-offset=\"10\" data-wow-iteration=\"1\" data-title-color=\"#000000\" data-headings-color=\"#ffffff\" ><\/div><\/div><\/div><\/div><\/div><div id=\"pg-281-1\"  class=\"panel-grid panel-has-style\" ><div class=\"siteorigin-panels-stretch panel-row-style panel-row-style-for-281-1\" style=\"padding: 0px 0; \" data-stretch-type=\"full\" data-overlay=\"true\" data-overlay-color=\"#000000\" ><div id=\"pgc-281-1-0\"  class=\"panel-grid-cell\" ><div id=\"panel-281-1-0-0\" class=\"so-panel widget widget_sow-headline panel-first-child panel-last-child\" data-index=\"1\" ><div style=\"text-align: left;\" data-title-color=\"#443f3f\" data-headings-color=\"#443f3f\" class=\"panel-widget-style panel-widget-style-for-281-1-0-0\" ><div class=\"so-widget-sow-headline so-widget-sow-headline-default-a4f98446ceab\"><div class=\"sow-headline-container \">\n\t<h2 class='sow-headline'>Diff\u00e9rents moyens de paiements accept\u00e9s<\/h2>\t\t\t\t\t<div class=\"decoration\">\n\t\t\t\t\t\t<div class=\"decoration-inside\"><\/div>\n\t\t\t\t\t<\/div>\n\t\t\t\t\t<\/div><\/div><\/div><\/div><\/div><\/div><\/div><div id=\"pg-281-2\"  class=\"panel-grid panel-has-style\" ><div style=\"text-align: center;padding: 0px 0; \" data-overlay=\"true\" data-overlay-color=\"#000000\" class=\"panel-row-style panel-row-style-for-281-2\" ><div id=\"pgc-281-2-0\"  class=\"panel-grid-cell\" ><div id=\"panel-281-2-0-0\" class=\"so-panel widget widget_sow-image panel-first-child panel-last-child\" data-index=\"2\" ><div class=\"wow bounceInLeft panel-widget-style panel-widget-style-for-281-2-0-0\" style=\"text-align: left;\" data-wow-offset=\"10\" data-wow-iteration=\"1\" data-title-color=\"#443f3f\" data-headings-color=\"#443f3f\" ><div class=\"so-widget-sow-image so-widget-sow-image-default-d6014b76747a\">\n\n<div class=\"sow-image-container\">\n\t<img src=\"http:\/\/jbinformatique.fr\/wp-content\/uploads\/2017\/06\/brochures_20_euros_5-1-300x159.png\" width=\"300\" height=\"159\" srcset=\"http:\/\/jbinformatique.fr\/wp-content\/uploads\/2017\/06\/brochures_20_euros_5-1-300x159.png 300w, http:\/\/jbinformatique.fr\/wp-content\/uploads\/2017\/06\/brochures_20_euros_5-1-230x122.png 230w, http:\/\/jbinformatique.fr\/wp-content\/uploads\/2017\/06\/brochures_20_euros_5-1-350x186.png 350w, http:\/\/jbinformatique.fr\/wp-content\/uploads\/2017\/06\/brochures_20_euros_5-1-480x255.png 480w, http:\/\/jbinformatique.fr\/wp-content\/uploads\/2017\/06\/brochures_20_euros_5-1.png 595w\" sizes=\"(max-width: 300px) 100vw, 300px\" title=\"Argent liquide\" alt=\"Argent liquide\" \t\tclass=\"so-widget-image\"\/>\n<\/div>\n\n\t<h3 class=\"widget-title\">Argent liquide<\/h3><\/div><\/div><\/div><\/div><div id=\"pgc-281-2-1\"  class=\"panel-grid-cell\" ><div id=\"panel-281-2-1-0\" class=\"so-panel widget widget_sow-image panel-first-child panel-last-child\" data-index=\"3\" ><div class=\"wow bounceInUp panel-widget-style panel-widget-style-for-281-2-1-0\" style=\"text-align: left;\" data-wow-offset=\"10\" data-wow-iteration=\"1\" data-title-color=\"#443f3f\" data-headings-color=\"#443f3f\" ><div class=\"so-widget-sow-image so-widget-sow-image-default-17bc2272b535\">\n\n<div class=\"sow-image-container\">\n\t<img src=\"http:\/\/jbinformatique.fr\/wp-content\/uploads\/2018\/02\/photo-carte-bleue-petit.jpg\" width=\"120\" height=\"127\" sizes=\"(max-width: 120px) 100vw, 120px\" title=\"carte bancaire (terminal mobile)\" alt=\"carte bancaire\" \t\tclass=\"so-widget-image\"\/>\n<\/div>\n\n\t<h3 class=\"widget-title\">carte bancaire (terminal mobile)<\/h3><\/div><\/div><\/div><\/div><div id=\"pgc-281-2-2\"  class=\"panel-grid-cell\" ><div id=\"panel-281-2-2-0\" class=\"so-panel widget widget_sow-image panel-first-child panel-last-child\" data-index=\"4\" ><div class=\"wow bounceInRight panel-widget-style panel-widget-style-for-281-2-2-0\" style=\"text-align: left;\" data-wow-offset=\"10\" data-wow-iteration=\"1\" data-title-color=\"#443f3f\" data-headings-color=\"#443f3f\" ><div class=\"so-widget-sow-image so-widget-sow-image-default-d6014b76747a\">\n\n<div class=\"sow-image-container\">\n\t<img src=\"http:\/\/jbinformatique.fr\/wp-content\/uploads\/2017\/06\/icone_cheque-300x250.png\" width=\"300\" height=\"250\" srcset=\"http:\/\/jbinformatique.fr\/wp-content\/uploads\/2017\/06\/icone_cheque-300x250.png 300w, http:\/\/jbinformatique.fr\/wp-content\/uploads\/2017\/06\/icone_cheque-230x192.png 230w, http:\/\/jbinformatique.fr\/wp-content\/uploads\/2017\/06\/icone_cheque-350x292.png 350w, http:\/\/jbinformatique.fr\/wp-content\/uploads\/2017\/06\/icone_cheque.png 407w\" sizes=\"(max-width: 300px) 100vw, 300px\" title=\"Paiement par ch\u00e8que\" alt=\"Ch\u00e8que\" \t\tclass=\"so-widget-image\"\/>\n<\/div>\n\n\t<h3 class=\"widget-title\">Paiement par ch\u00e8que<\/h3><\/div><\/div><\/div><\/div><div id=\"pgc-281-2-3\"  class=\"panel-grid-cell\" ><div id=\"panel-281-2-3-0\" class=\"so-panel widget widget_sow-image panel-first-child panel-last-child\" data-index=\"5\" ><div class=\"wow bounceInRight panel-widget-style panel-widget-style-for-281-2-3-0\" style=\"text-align: left;\" data-wow-offset=\"10\" data-wow-iteration=\"1\" data-title-color=\"#443f3f\" data-headings-color=\"#443f3f\" ><div class=\"so-widget-sow-image so-widget-sow-image-default-d6014b76747a\">\n\n<div class=\"sow-image-container\">\n<a href=\"http:\/\/paypal.me\/jbinfo\" target=\"_blank\" rel=\"noopener noreferrer\" >\t<img src=\"http:\/\/jbinformatique.fr\/wp-content\/uploads\/2017\/06\/ee3db50b28f01c3e815d4401ee514793e27fe2d619b91546_1920-300x150.png\" width=\"300\" height=\"150\" srcset=\"http:\/\/jbinformatique.fr\/wp-content\/uploads\/2017\/06\/ee3db50b28f01c3e815d4401ee514793e27fe2d619b91546_1920-300x150.png 300w, http:\/\/jbinformatique.fr\/wp-content\/uploads\/2017\/06\/ee3db50b28f01c3e815d4401ee514793e27fe2d619b91546_1920-768x384.png 768w, http:\/\/jbinformatique.fr\/wp-content\/uploads\/2017\/06\/ee3db50b28f01c3e815d4401ee514793e27fe2d619b91546_1920-1024x512.png 1024w, http:\/\/jbinformatique.fr\/wp-content\/uploads\/2017\/06\/ee3db50b28f01c3e815d4401ee514793e27fe2d619b91546_1920-830x415.png 830w, http:\/\/jbinformatique.fr\/wp-content\/uploads\/2017\/06\/ee3db50b28f01c3e815d4401ee514793e27fe2d619b91546_1920-230x115.png 230w, http:\/\/jbinformatique.fr\/wp-content\/uploads\/2017\/06\/ee3db50b28f01c3e815d4401ee514793e27fe2d619b91546_1920-350x175.png 350w, http:\/\/jbinformatique.fr\/wp-content\/uploads\/2017\/06\/ee3db50b28f01c3e815d4401ee514793e27fe2d619b91546_1920-480x240.png 480w, http:\/\/jbinformatique.fr\/wp-content\/uploads\/2017\/06\/ee3db50b28f01c3e815d4401ee514793e27fe2d619b91546_1920.png 1920w\" sizes=\"(max-width: 300px) 100vw, 300px\" title=\"Paiement par Paypal (d\u00e9pannage \u00e0 distance) Cliquez sur le logo\" alt=\"Paypal\" \t\tclass=\"so-widget-image\"\/>\n<\/a><\/div>\n\n\t<h3 class=\"widget-title\">Paiement par Paypal (d\u00e9pannage \u00e0 distance) Cliquez sur le logo<\/h3><\/div><\/div><\/div><\/div><\/div><\/div><\/div>","protected":false},"excerpt":{"rendered":"<p>Diff\u00e9rents moyens de paiements accept\u00e9s Argent liquide carte bancaire (terminal mobile) Paiement par ch\u00e8que Paiement par Paypal (d\u00e9pannage \u00e0 distance) Cliquez sur le logo<\/p>\n","protected":false},"author":1,"featured_media":0,"parent":0,"menu_order":0,"comment_status":"closed","ping_status":"closed","template":"page-templates\/page_fullwidth.php","meta":[],"_links":{"self":[{"href":"http:\/\/jbinformatique.fr\/index.php?rest_route=\/wp\/v2\/pages\/281"}],"collection":[{"href":"http:\/\/jbinformatique.fr\/index.php?rest_route=\/wp\/v2\/pages"}],"about":[{"href":"http:\/\/jbinformatique.fr\/index.php?rest_route=\/wp\/v2\/types\/page"}],"author":[{"embeddable":true,"href":"http:\/\/jbinformatique.fr\/index.php?rest_route=\/wp\/v2\/users\/1"}],"replies":[{"embeddable":true,"href":"http:\/\/jbinformatique.fr\/index.php?rest_route=%2Fwp%2Fv2%2Fcomments&post=281"}],"version-history":[{"count":75,"href":"http:\/\/jbinformatique.fr\/index.php?rest_route=\/wp\/v2\/pages\/281\/revisions"}],"predecessor-version":[{"id":1811,"href":"http:\/\/jbinformatique.fr\/index.php?rest_route=\/wp\/v2\/pages\/281\/revisions\/1811"}],"wp:attachment":[{"href":"http:\/\/jbinformatique.fr\/index.php?rest_route=%2Fwp%2Fv2%2Fmedia&parent=281"}],"curies":[{"name":"wp","href":"https:\/\/api.w.org\/{rel}","templated":true}]}}